{"id":9217,"date":"2025-05-21T15:21:38","date_gmt":"2025-05-21T15:21:38","guid":{"rendered":"https:\/\/kratis.com\/?page_id=9217"},"modified":"2025-12-11T15:02:57","modified_gmt":"2025-12-11T15:02:57","slug":"uk","status":"publish","type":"page","link":"https:\/\/kratis.com\/tr\/uk\/","title":{"rendered":"UK"},"content":{"rendered":"<h3>\n\t\t\t\t\t\u0130LET\u0130\u015e\u0130M<\/h3>\n<style>\/*! elementor - v3.8.1 - 13-11-2022 *\/<br \/>\n.elementor-widget-google_maps .elementor-widget-container{overflow:hidden}.elementor-widget-google_maps iframe{height:300px}<\/style>\n<p>\t\t\t<iframe frameborder=\"0\" scrolling=\"no\" marginheight=\"0\" marginwidth=\"0\" src=\"https:\/\/maps.google.com\/maps?q=145%20London%20Road%2C%20Kingston%20Upon%20Thames%2C%20England%2C%20KT2%206SR&amp;t=m&amp;z=15&amp;output=embed&amp;iwloc=near\" title=\"145 London Road, Kingston Upon Thames, England, KT2 6SR\" aria-label=\"145 London Road, Kingston Upon Thames, England, KT2 6SR\"><\/iframe><br \/>\n145 London Road, Kingston Upon Thames, England, KT2 6SR<br \/>\n+44 7470 921347<br \/>\nkratis@kratis.com<\/p>\n<h3>\n\t\t\t\t\t\u0130LET\u0130\u015e\u0130ME GE\u00c7\u0130N<\/h3>\n","protected":false},"excerpt":{"rendered":"<p>\u0130LET\u0130\u015e\u0130M 145 London Road, Kingston Upon Thames, England, KT2 6SR +44 7470 921347 kratis@kratis.com \u0130LET\u0130\u015e\u0130ME GE\u00c7\u0130N<\/p>\n","protected":false},"author":1,"featured_media":0,"parent":0,"menu_order":0,"comment_status":"closed","ping_status":"closed","template":"page-full-width.php","meta":[],"_links":{"self":[{"href":"https:\/\/kratis.com\/tr\/wp-json\/wp\/v2\/pages\/9217"}],"collection":[{"href":"https:\/\/kratis.com\/tr\/wp-json\/wp\/v2\/pages"}],"about":[{"href":"https:\/\/kratis.com\/tr\/wp-json\/wp\/v2\/types\/page"}],"author":[{"embeddable":true,"href":"https:\/\/kratis.com\/tr\/wp-json\/wp\/v2\/users\/1"}],"replies":[{"embeddable":true,"href":"https:\/\/kratis.com\/tr\/wp-json\/wp\/v2\/comments?post=9217"}],"version-history":[{"count":16,"href":"https:\/\/kratis.com\/tr\/wp-json\/wp\/v2\/pages\/9217\/revisions"}],"predecessor-version":[{"id":9260,"href":"https:\/\/kratis.com\/tr\/wp-json\/wp\/v2\/pages\/9217\/revisions\/9260"}],"wp:attachment":[{"href":"https:\/\/kratis.com\/tr\/wp-json\/wp\/v2\/media?parent=9217"}],"curies":[{"name":"wp","href":"https:\/\/api.w.org\/{rel}","templated":true}]}}